{"id":5606,"date":"2024-09-19T10:14:08","date_gmt":"2024-09-19T08:14:08","guid":{"rendered":"https:\/\/www.amicsquartmon.org\/aviso-legal\/"},"modified":"2024-12-16T10:32:13","modified_gmt":"2024-12-16T09:32:13","slug":"aviso-legal","status":"publish","type":"page","link":"https:\/\/www.amicsquartmon.org\/es\/aviso-legal\/","title":{"rendered":"Aviso Legal"},"content":{"rendered":"\t\t<div data-elementor-type=\"wp-page\" data-elementor-id=\"5606\" class=\"elementor elementor-5606 elementor-5502\" data-elementor-post-type=\"page\">\n\t\t\t\t<div class=\"elementor-element elementor-element-8d868cd e-flex e-con-boxed e-con e-parent\" data-id=\"8d868cd\" data-element_type=\"container\" data-settings=\"{&quot;background_background&quot;:&quot;classic&quot;,&quot;shape_divider_bottom&quot;:&quot;opacity-tilt&quot;}\">\n\t\t\t\t\t<div class=\"e-con-inner\">\n\t\t\t\t<div class=\"elementor-shape elementor-shape-bottom\" data-negative=\"false\">\n\t\t\t<svg xmlns=\"http:\/\/www.w3.org\/2000\/svg\" viewBox=\"0 0 2600 131.1\" preserveAspectRatio=\"none\">\n\t<path class=\"elementor-shape-fill\" d=\"M0 0L2600 0 2600 69.1 0 0z\"\/>\n\t<path class=\"elementor-shape-fill\" style=\"opacity:0.5\" d=\"M0 0L2600 0 2600 69.1 0 69.1z\"\/>\n\t<path class=\"elementor-shape-fill\" style=\"opacity:0.25\" d=\"M2600 0L0 0 0 130.1 2600 69.1z\"\/>\n<\/svg>\t\t<\/div>\n\t\t\t\t\t<\/div>\n\t\t\t\t<\/div>\n\t\t<div class=\"elementor-element elementor-element-2e22aa3 e-flex e-con-boxed e-con e-parent\" data-id=\"2e22aa3\" data-element_type=\"container\">\n\t\t\t\t\t<div class=\"e-con-inner\">\n\t\t\t\t<div class=\"elementor-element elementor-element-bad93c2 elementor-widget elementor-widget-text-editor\" data-id=\"bad93c2\" data-element_type=\"widget\" data-widget_type=\"text-editor.default\">\n\t\t\t\t<div class=\"elementor-widget-container\">\n\t\t\t\t\t\t\t\t\t<p>Denominaci\u00f3n Social: Associaci\u00f3 Amics del Moviment Quart M\u00f3n Catalunya<\/p>\n<p>Domicilio Social: Calle Clot 21, 08018.<br \/>\nBarcelona <\/p>\n<p>NIF: G-61695052<\/p>\n<p>e-Mail: info@amicsquartmon.org<\/p>\n<p>Nombre de dominio: https:\/\/www.amicsquartmon.org<\/p>\n<p>Autorizaci\u00f3n administrativa:<\/p>\n<p><em>Valorada en el Registro de Asociaciones de la Generalidad de Catalu\u00f1a con el No. 20726<\/em><\/p>\n<p><strong>OBJETO<\/strong><\/p>\n<p>El prestador, responsable del sitio web, pone a disposici\u00f3n de los usuarios el presente documento con el que pretende dar cumplimiento a las obligaciones dispuestas en la Ley 34\/2002, de Servicios de la Sociedad de la Informaci\u00f3n y del Comercio Electr\u00f3nico (LSSI-CE), as\u00ed como informar a todos los usuarios del sitio web respecto a cu\u00e1les son las condiciones de uso del sitio web.<\/p>\n<p>Toda persona que acceda a este sitio web asume el papel de usuario, comprometi\u00e9ndose a la observancia y cumplimiento riguroso de las disposiciones aqu\u00ed dispuestas, as\u00ed como a cualesquiera otra disposici\u00f3n legal que fuera de aplicaci\u00f3n.<\/p>\n<p>El prestador se reserva el derecho a modificar cualquier tipo de informaci\u00f3n que pudiera aparecer en el sitio web, sin que exista obligaci\u00f3n de preavisar o poner en conocimiento de los usuarios dichas obligaciones, entendi\u00e9ndose como suficiente con la publicaci\u00f3n en el sitio web del prestador.<\/p>\n<p><strong>RESPONSABILIDAD<\/strong><\/p>\n<p>El prestador se exime de cualquier tipo de responsabilidad derivada de la informaci\u00f3n publicada en su sitio web, siempre que esta informaci\u00f3n haya sido manipulada o introducida por un tercero ajeno al mismo.<\/p>\n<p>Desde el sitio web del cliente es posible que se redirigie a contenidos de terceros sitios web.<br \/>\nDado que el prestador no puede controlar siempre los contenidos introducidos por los terceros en sus sitios web, \u00e9ste no asume ning\u00fan tipo de responsabilidad respecto a estos contenidos.<br \/>\nEn todo caso, el prestador manifiesta que proceder\u00e1 a la retirada inmediata de cualquier contenido que pudiera contravenir la legislaci\u00f3n nacional o internacional, la moral o el orden p\u00fablico, procediendo a la retirada inmediata de la redirecci\u00f3n a este sitio web, poniendo en conocimiento de las autoridades competentes el contenido en cuesti\u00f3n.  <\/p>\n<p>El prestador no se hace responsable de la informaci\u00f3n y contenidos almacenados, a t\u00edtulo enunciativo pero no limitativo, en foros, chat \u0301s, generadores de blogs, comentarios, redes sociales o cualesquiera otro medio que permita a terceros publicar contenidos de forma independiente en la p\u00e1gina web del prestador.<br \/>\nNo obstante y en cumplimiento de lo dispuesto en el art.<br \/>\n11 y 16 de la LSSI-CE, el prestador se pone a disposici\u00f3n de todos los usuarios, autoridades y fuerzas de seguridad, y colaborando de forma activa en la retirada o en su caso bloqueo de todos aquellos contenidos que pudieran afectar o contravenir la legislaci\u00f3n nacional, o internacional, derechos de terceros o la moral y el orden p\u00fablico.<br \/>\nEn caso de que el usuario considere que existe en el sitio web alg\u00fan contenido que pudiera ser susceptible de esta clasificaci\u00f3n, se ruega lo notifique de forma inmediata al administrador del sitio web.   <\/p>\n<p>Este sitio web ha sido revisado y probado para que funcione correctamente.<br \/>\nEn principio, se puede garantizar el correcto funcionamiento los 365 d\u00edas del a\u00f1o, 24 horas al d\u00eda.<br \/>\nNo obstante, el prestador no descarta la posibilidad de que haya ciertos errores de programaci\u00f3n, o que ocurran causas de fuerza mayor, cat\u00e1strofes naturales, huelgas, o circunstancias parecidas que hagan imposible el acceso a la p\u00e1gina web.  <\/p>\n<p><strong>PROTECCI\u00d3N DE DATOS PERSONALES<\/strong><\/p>\n<p>El prestador se encuentra profundamente comprometido con el cumplimiento de la normativa espa\u00f1ola de protecci\u00f3n de datos de car\u00e1cter personal, y garantiza el cumplimiento \u00edntegro de las obligaciones, as\u00ed como la implementaci\u00f3n de las medidas de seguridad dispuestas en el REGLAMENTO (UE) 2016\/679 DEL PARLAMENTO EUROPEO Y DEL CONSEJO de 27 de abril de 2016 relativo a la protecci\u00f3n de las personas f\u00edsicas con respecto al tratamiento de datos personales y a la libre circulaci\u00f3n. de estos datos (RGPD) y en la Ley Org\u00e1nica 3\/2018, de 5 de diciembre, de Protecci\u00f3n de Datos Personales y garant\u00eda de los derechos digitales.<br \/>\nEl prestador pone a disposici\u00f3n de los usuarios la Pol\u00edtica de Privacidad de la entidad informando a los usuarios seg\u00fan lo especificado en los art\u00edculos 13 y 14 del RGPD, relativos al derecho de informaci\u00f3n de las personas interesadas. <\/p>\n<p><strong>PROPIEDAD INTEL\u00b7 LECTUAL E INDUSTRIAL<\/strong><\/p>\n<p>El sitio web, incluyendo a t\u00edtulo enunciativo pero no limitativo su programaci\u00f3n, edici\u00f3n, compilaci\u00f3n y otros elementos necesarios para su funcionamiento, los dise\u00f1os, logotipos, texto y\/o gr\u00e1ficos son propiedad del prestador o en su caso dispone de licencia o autorizaci\u00f3n expresa por parte de los autores.<br \/>\nTodos los contenidos del sitio web se encuentran debidamente protegidos por la normativa de propiedad intelectual e industrial, as\u00ed como inscritos en los registros p\u00fablicos correspondientes. <\/p>\n<p>Independientemente de la finalidad para la que fueran destinados, la reproducci\u00f3n total o parcial, uso, explotaci\u00f3n, distribuci\u00f3n y comercializaci\u00f3n, requiere en todo caso de la autorizaci\u00f3n escrita previa por parte del prestador.<br \/>\nCualquier uso no autorizado previamente por parte del prestador ser\u00e1 considerado un incumplimiento grave de los derechos de propiedad intelectual o industrial del autor. <\/p>\n<p>Los dise\u00f1os, logotipos, texto y\/o gr\u00e1ficos ajenos al prestador y que pudieran aparecer en el sitio web, pertenecen a sus respectivos propietarios, siendo ellos mismos responsables de cualquier posible controversia que pudiera suscitarse respecto a los mismos.<br \/>\nEn todo caso, el prestador cuenta con la autorizaci\u00f3n expresa y previa por parte de los mismos. <\/p>\n<p>El prestador reconoce a favor de sus titulares los correspondientes derechos de propiedad industrial e intelectual, no implicando su sola menci\u00f3n o aparici\u00f3n en el sitio web la existencia de derechos o responsabilidad alguna del prestador sobre los mismos, como tampoco apoyo, patrocinio o recomendaci\u00f3n por parte del mismo.<\/p>\n<p>Para realizar cualquier tipo de observaci\u00f3n respecto a posibles incumplimientos de los derechos de propiedad intelectual o industrial, as\u00ed como sobre cualquiera de los contenidos del sitio web, puede hacerlo a trav\u00e9s del siguiente correo electr\u00f3nico info@amicsquartmon.com<\/p>\n<p><strong>COOKIES<\/strong><\/p>\n<p>El sitio web del prestador puede utilizar cookies (peque\u00f1os archivos de informaci\u00f3n que el servidor env\u00eda al ordenador de quien accede a la p\u00e1gina) para llevar a cabo determinadas funciones que son consideradas imprescindibles para el correcto funcionamiento y visualizaci\u00f3n del sitio.<\/p>\n<p>Puede consultar toda la informaci\u00f3n sobre las cookies en nuestra P\u00e1gina de cookies.<\/p>\n<p><strong>LEY APLICABLE Y JURISDICCI\u00d3N<\/strong><\/p>\n<p>Para la resoluci\u00f3n de todas las controversias o cuestiones relacionadas con el presente sitio web o de las actividades en \u00e9l desarrolladas, ser\u00e1 de aplicaci\u00f3n la legislaci\u00f3n espa\u00f1ola, a la que se someten expresamente las partes, siendo competentes para la resoluci\u00f3n de todos los conflictos derivados o relacionados con su uso los Juzgados y Tribunales de Barcelona.<\/p><\/p>\n\t\t\t\t\t\t\t\t<\/div>\n\t\t\t\t<\/div>\n\t\t\t\t\t<\/div>\n\t\t\t\t<\/div>\n\t\t\t\t<\/div>\n\t\t","protected":false},"excerpt":{"rendered":"<p>Denominaci\u00f3n Social: Associaci\u00f3 Amics del Moviment Quart M\u00f3n Catalunya Domicilio Social: Calle Clot 21, 08018. Barcelona NIF: G-61695052 e-Mail: info@amicsquartmon.org Nombre de dominio: https:\/\/www.amicsquartmon.org Autorizaci\u00f3n administrativa: Valorada en el Registro de Asociaciones de la Generalidad de Catalu\u00f1a con el No. 20726 OBJETO El prestador, responsable del sitio web, pone a disposici\u00f3n de los usuarios el [&hellip;]<\/p>\n","protected":false},"author":1,"featured_media":0,"parent":0,"menu_order":0,"comment_status":"closed","ping_status":"closed","template":"","meta":{"footnotes":""},"class_list":["post-5606","page","type-page","status-publish","hentry"],"yoast_head":"<!-- This site is optimized with the Yoast SEO plugin v24.3 - https:\/\/yoast.com\/wordpress\/plugins\/seo\/ -->\n<title>Aviso Legal - Amics Moviment Quart M\u00f3n<\/title>\n<meta name=\"robots\" content=\"index, follow, max-snippet:-1, max-image-preview:large, max-video-preview:-1\" \/>\n<link rel=\"canonical\" href=\"https:\/\/www.amicsquartmon.org\/es\/aviso-legal\/\" \/>\n<meta property=\"og:locale\" content=\"es_ES\" \/>\n<meta property=\"og:type\" content=\"article\" \/>\n<meta property=\"og:title\" content=\"Aviso Legal - Amics Moviment Quart M\u00f3n\" \/>\n<meta property=\"og:description\" content=\"Denominaci\u00f3n Social: Associaci\u00f3 Amics del Moviment Quart M\u00f3n Catalunya Domicilio Social: Calle Clot 21, 08018. Barcelona NIF: G-61695052 e-Mail: info@amicsquartmon.org Nombre de dominio: https:\/\/www.amicsquartmon.org Autorizaci\u00f3n administrativa: Valorada en el Registro de Asociaciones de la Generalidad de Catalu\u00f1a con el No. 20726 OBJETO El prestador, responsable del sitio web, pone a disposici\u00f3n de los usuarios el [&hellip;]\" \/>\n<meta property=\"og:url\" content=\"https:\/\/www.amicsquartmon.org\/es\/aviso-legal\/\" \/>\n<meta property=\"og:site_name\" content=\"Amics Moviment Quart M\u00f3n\" \/>\n<meta property=\"article:modified_time\" content=\"2024-12-16T09:32:13+00:00\" \/>\n<meta name=\"twitter:card\" content=\"summary_large_image\" \/>\n<meta name=\"twitter:label1\" content=\"Tiempo de lectura\" \/>\n\t<meta name=\"twitter:data1\" content=\"6 minutos\" \/>\n<script type=\"application\/ld+json\" class=\"yoast-schema-graph\">{\"@context\":\"https:\/\/schema.org\",\"@graph\":[{\"@type\":\"WebPage\",\"@id\":\"https:\/\/www.amicsquartmon.org\/es\/aviso-legal\/\",\"url\":\"https:\/\/www.amicsquartmon.org\/es\/aviso-legal\/\",\"name\":\"Aviso Legal - Amics Moviment Quart M\u00f3n\",\"isPartOf\":{\"@id\":\"https:\/\/www.amicsquartmon.org\/es\/#website\"},\"datePublished\":\"2024-09-19T08:14:08+00:00\",\"dateModified\":\"2024-12-16T09:32:13+00:00\",\"breadcrumb\":{\"@id\":\"https:\/\/www.amicsquartmon.org\/es\/aviso-legal\/#breadcrumb\"},\"inLanguage\":\"es\",\"potentialAction\":[{\"@type\":\"ReadAction\",\"target\":[\"https:\/\/www.amicsquartmon.org\/es\/aviso-legal\/\"]}]},{\"@type\":\"BreadcrumbList\",\"@id\":\"https:\/\/www.amicsquartmon.org\/es\/aviso-legal\/#breadcrumb\",\"itemListElement\":[{\"@type\":\"ListItem\",\"position\":1,\"name\":\"Inici\",\"item\":\"https:\/\/www.amicsquartmon.org\/es\/\"},{\"@type\":\"ListItem\",\"position\":2,\"name\":\"Aviso Legal\"}]},{\"@type\":\"WebSite\",\"@id\":\"https:\/\/www.amicsquartmon.org\/es\/#website\",\"url\":\"https:\/\/www.amicsquartmon.org\/es\/\",\"name\":\"Amics Moviment Quart M\u00f3n\",\"description\":\"\",\"potentialAction\":[{\"@type\":\"SearchAction\",\"target\":{\"@type\":\"EntryPoint\",\"urlTemplate\":\"https:\/\/www.amicsquartmon.org\/es\/?s={search_term_string}\"},\"query-input\":{\"@type\":\"PropertyValueSpecification\",\"valueRequired\":true,\"valueName\":\"search_term_string\"}}],\"inLanguage\":\"es\"}]}<\/script>\n<!-- \/ Yoast SEO plugin. -->","yoast_head_json":{"title":"Aviso Legal - Amics Moviment Quart M\u00f3n","robots":{"index":"index","follow":"follow","max-snippet":"max-snippet:-1","max-image-preview":"max-image-preview:large","max-video-preview":"max-video-preview:-1"},"canonical":"https:\/\/www.amicsquartmon.org\/es\/aviso-legal\/","og_locale":"es_ES","og_type":"article","og_title":"Aviso Legal - Amics Moviment Quart M\u00f3n","og_description":"Denominaci\u00f3n Social: Associaci\u00f3 Amics del Moviment Quart M\u00f3n Catalunya Domicilio Social: Calle Clot 21, 08018. Barcelona NIF: G-61695052 e-Mail: info@amicsquartmon.org Nombre de dominio: https:\/\/www.amicsquartmon.org Autorizaci\u00f3n administrativa: Valorada en el Registro de Asociaciones de la Generalidad de Catalu\u00f1a con el No. 20726 OBJETO El prestador, responsable del sitio web, pone a disposici\u00f3n de los usuarios el [&hellip;]","og_url":"https:\/\/www.amicsquartmon.org\/es\/aviso-legal\/","og_site_name":"Amics Moviment Quart M\u00f3n","article_modified_time":"2024-12-16T09:32:13+00:00","twitter_card":"summary_large_image","twitter_misc":{"Tiempo de lectura":"6 minutos"},"schema":{"@context":"https:\/\/schema.org","@graph":[{"@type":"WebPage","@id":"https:\/\/www.amicsquartmon.org\/es\/aviso-legal\/","url":"https:\/\/www.amicsquartmon.org\/es\/aviso-legal\/","name":"Aviso Legal - Amics Moviment Quart M\u00f3n","isPartOf":{"@id":"https:\/\/www.amicsquartmon.org\/es\/#website"},"datePublished":"2024-09-19T08:14:08+00:00","dateModified":"2024-12-16T09:32:13+00:00","breadcrumb":{"@id":"https:\/\/www.amicsquartmon.org\/es\/aviso-legal\/#breadcrumb"},"inLanguage":"es","potentialAction":[{"@type":"ReadAction","target":["https:\/\/www.amicsquartmon.org\/es\/aviso-legal\/"]}]},{"@type":"BreadcrumbList","@id":"https:\/\/www.amicsquartmon.org\/es\/aviso-legal\/#breadcrumb","itemListElement":[{"@type":"ListItem","position":1,"name":"Inici","item":"https:\/\/www.amicsquartmon.org\/es\/"},{"@type":"ListItem","position":2,"name":"Aviso Legal"}]},{"@type":"WebSite","@id":"https:\/\/www.amicsquartmon.org\/es\/#website","url":"https:\/\/www.amicsquartmon.org\/es\/","name":"Amics Moviment Quart M\u00f3n","description":"","potentialAction":[{"@type":"SearchAction","target":{"@type":"EntryPoint","urlTemplate":"https:\/\/www.amicsquartmon.org\/es\/?s={search_term_string}"},"query-input":{"@type":"PropertyValueSpecification","valueRequired":true,"valueName":"search_term_string"}}],"inLanguage":"es"}]}},"_links":{"self":[{"href":"https:\/\/www.amicsquartmon.org\/es\/wp-json\/wp\/v2\/pages\/5606","targetHints":{"allow":["GET"]}}],"collection":[{"href":"https:\/\/www.amicsquartmon.org\/es\/wp-json\/wp\/v2\/pages"}],"about":[{"href":"https:\/\/www.amicsquartmon.org\/es\/wp-json\/wp\/v2\/types\/page"}],"author":[{"embeddable":true,"href":"https:\/\/www.amicsquartmon.org\/es\/wp-json\/wp\/v2\/users\/1"}],"replies":[{"embeddable":true,"href":"https:\/\/www.amicsquartmon.org\/es\/wp-json\/wp\/v2\/comments?post=5606"}],"version-history":[{"count":0,"href":"https:\/\/www.amicsquartmon.org\/es\/wp-json\/wp\/v2\/pages\/5606\/revisions"}],"wp:attachment":[{"href":"https:\/\/www.amicsquartmon.org\/es\/wp-json\/wp\/v2\/media?parent=5606"}],"curies":[{"name":"wp","href":"https:\/\/api.w.org\/{rel}","templated":true}]}}