{"id":5610,"date":"2024-09-19T10:22:04","date_gmt":"2024-09-19T08:22:04","guid":{"rendered":"https:\/\/www.amicsquartmon.org\/politica-de-privacidad\/"},"modified":"2024-12-16T10:33:14","modified_gmt":"2024-12-16T09:33:14","slug":"politica-de-privacidad","status":"publish","type":"page","link":"https:\/\/www.amicsquartmon.org\/es\/politica-de-privacidad\/","title":{"rendered":"Pol\u00edtica de privacidad"},"content":{"rendered":"\t\t<div data-elementor-type=\"wp-page\" data-elementor-id=\"5610\" class=\"elementor elementor-5610 elementor-5510\" data-elementor-post-type=\"page\">\n\t\t\t\t<div class=\"elementor-element elementor-element-8d868cd e-flex e-con-boxed e-con e-parent\" data-id=\"8d868cd\" data-element_type=\"container\" data-settings=\"{&quot;background_background&quot;:&quot;classic&quot;,&quot;shape_divider_bottom&quot;:&quot;opacity-tilt&quot;}\">\n\t\t\t\t\t<div class=\"e-con-inner\">\n\t\t\t\t<div class=\"elementor-shape elementor-shape-bottom\" data-negative=\"false\">\n\t\t\t<svg xmlns=\"http:\/\/www.w3.org\/2000\/svg\" viewBox=\"0 0 2600 131.1\" preserveAspectRatio=\"none\">\n\t<path class=\"elementor-shape-fill\" d=\"M0 0L2600 0 2600 69.1 0 0z\"\/>\n\t<path class=\"elementor-shape-fill\" style=\"opacity:0.5\" d=\"M0 0L2600 0 2600 69.1 0 69.1z\"\/>\n\t<path class=\"elementor-shape-fill\" style=\"opacity:0.25\" d=\"M2600 0L0 0 0 130.1 2600 69.1z\"\/>\n<\/svg>\t\t<\/div>\n\t\t\t\t\t<\/div>\n\t\t\t\t<\/div>\n\t\t<div class=\"elementor-element elementor-element-2e22aa3 e-flex e-con-boxed e-con e-parent\" data-id=\"2e22aa3\" data-element_type=\"container\">\n\t\t\t\t\t<div class=\"e-con-inner\">\n\t\t\t\t<div class=\"elementor-element elementor-element-bad93c2 elementor-widget elementor-widget-text-editor\" data-id=\"bad93c2\" data-element_type=\"widget\" data-widget_type=\"text-editor.default\">\n\t\t\t\t<div class=\"elementor-widget-container\">\n\t\t\t\t\t\t\t\t\t<p><strong>Associaci\u00f3 Amics del Moviment Quart M\u00f3n Catalunya<\/strong> est\u00e1 especialmente sensibilizada en la protecci\u00f3n de datos de car\u00e1cter personal de los Usuarios de los servicios del sitio Web.<br \/>\nMediante la presente Pol\u00edtica de Privacidad (en adelante, la Pol\u00edtica) <strong>Asociaci\u00f3n Amics del Moviment Quart M\u00f3n Catalu\u00f1a<\/strong>, informa a los USUARIOS de este sitio web, de los usos a los que se someten los datos de car\u00e1cter personal que se recaban en sitio Web, para que decidan, libre y voluntariamente, si desean facilitar la informaci\u00f3n solicitada. <\/p>\n<p><strong>Associaci\u00f3 Amics del Moviment Quart M\u00f3n Catalunya<\/strong> se reserva la facultad de modificar esta Pol\u00edtica con el objeto de adaptarla a novedades legislativas, criterios jurisprudenciales, pr\u00e1cticas del sector, o intereses de la entidad.<br \/>\nCualquier modificaci\u00f3n en la misma ser\u00e1 anunciada con la debida antelaci\u00f3n, a fin de que tenga perfecto conocimiento de su contenido. <\/p>\n<p><strong>RESPONSABLE<\/strong><\/p>\n<p>El Responsable del Tratamiento de los datos de car\u00e1cter personal es: Identidad: <strong>Associaci\u00f3 Amics del Moviment Quart M\u00f3n Catalunya<\/strong> con NIF: <strong>G-61695052<\/strong>, en adelante ENTIDAD<\/p>\n<p>Direcci\u00f3n:  <strong>Social: Calle Clot 21, 08018.<br \/>\nBarcelona <\/strong><\/p>\n<p>E-mail: <strong>info@amicsquartmon.org<\/strong><\/p>\n<p><strong>DELEGADO DE PROTECCI\u00d3N DE DATOS<\/strong><\/p>\n<p>Contacto por email: <strong>info@amicsquartmon.org<\/strong><\/p>\n<p><strong>FINALIDAD DEL TRATAMIENTO<\/strong><\/p>\n<p>La recogida y tratamiento de los datos personales recogidos a trav\u00e9s del formulario de contacto, tiene como finalidad la gesti\u00f3n, administraci\u00f3n, prestaci\u00f3n, ampliaci\u00f3n y mejora de los servicios prestados por <strong>Asociaci\u00f3n Amics del Moviment Quart M\u00f3n Catalu\u00f1a<\/strong>, atendiendo a las solicitudes de informaci\u00f3n y\/o consultas planteadas.<\/p>\n<p><strong>PLAZO DE CONSERVACI\u00d3N<\/strong><\/p>\n<p>Los datos personales proporcionados se conservar\u00e1n durante el plazo correspondiente para cumplir con las obligaciones legales, o hasta que se solicite su supresi\u00f3n por el interesado y \u00e9ste est\u00e9 legitimado para ello.<\/p>\n<p><strong>LEGITIMACI\u00d3N<\/strong><\/p>\n<p><strong>Associaci\u00f3 Amics del Moviment Quart M\u00f3n Catalunya<\/strong> est\u00e1 legitimado al tratamiento de datos personales, en base al consentimiento otorgado por el interesado para uno o varios fines espec\u00edficos, tal como recoge el art\u00edculo 6.1.a) y 6.1.b) del Reglamento General de Protecci\u00f3n de datos personales.<\/p>\n<p><strong>DESTINATARIOS<\/strong><\/p>\n<p>Los datos personales recabados no ser\u00e1n cedidos o comunicados a otros terceros, excepto en los supuestos necesarios para el desarrollo, control y cumplimiento de la\/s finalidad\/es expresada\/s, en los supuestos previstos seg\u00fan Ley, as\u00ed como en los casos espec\u00edficos, de los que se informe expresamente al Usuario.<\/p>\n<p><strong>DERECHOS DE LOS USUARIOS:<\/strong> \u00bfCu\u00e1les son sus derechos cuando nos facilita sus datos?<\/p>\n<p>\u2022 Acceso: El interesado tiene derecho a saber qu\u00e9 datos est\u00e1 tratando la ENTIDAD sobre \u00e9l.<\/p>\n<p>\u2022 Rectificaci\u00f3n: El interesado tiene derecho a solicitar la rectificaci\u00f3n de los<br \/>datos inexactos.<\/p>\n<p>\u2022 Supresi\u00f3n: El interesado tiene derecho a solicitar la supresi\u00f3n de sus datos cuando, entro otros motivos, los datos no sean necesarios para las finalidades que fueron recogidas.<\/p>\n<p>\u2022 Limitaci\u00f3n del tratamiento: En determinadas circunstancias el interesado podr\u00e1 solicitar la limitaci\u00f3n del tratamiento de sus datos, en cuyo caso \u00fanicamente los conservaremos para el ejercicio o la defensa de reclamaciones.<\/p>\n<p>\u2022 Oposici\u00f3n: En determinadas circunstancias el interesado podr\u00e1 oponerse al tratamiento de sus datos.<br \/>\nEn este caso la ENTIDAD dejar\u00e1 de tratar sus datos, excepto por motivos leg\u00edtimos imperiosos o el ejercicio o la defensa de posibles reclamaciones. <\/p>\n<p>\u2022 Portabilidad de los datos: S\u00f3lo aplicable a datos automatizados y consiste en pasar los datos desde la ENTIDAD a otro nuevo RESPONSABLE DEL TRATAMIENTO (no al interesado y por solicitud del mismo).<\/p>\n<p>Puede usted ejercer sus derechos incluido el derecho a retirar su consentimiento (si \u00e9ste fue otorgado) enviando un escrito acompa\u00f1ado de su DNI a <strong>Asociaci\u00f3n Amics del Moviment Quart M\u00f3n Catalu\u00f1a<\/strong> en  <strong>Social: Calle Clot 21, 08018.<br \/>\nBarcelona <\/strong>  o enviando un e-mail a <strong>info@amicsquartmon.org<\/strong><\/p>\n<p>Adem\u00e1s, tiene usted derecho a presentar una reclamaci\u00f3n ante la Autoridad de Control en materia de Protecci\u00f3n de Datos, actualmente la Agencia Espa\u00f1ola de Protecci\u00f3n de Datos.<\/p>\n<p><strong>MEDIDAS DE SEGURIDAD<\/strong><\/p>\n<p>El responsable del tratamiento <strong>Associaci\u00f3 Amics del Moviment Quart M\u00f3n Catalunya<\/strong> aplicar\u00e1 medidas t\u00e9cnicas y organizativas apropiadas para garantizar un nivel de seguridad adecuado al riesgo del mismo.<\/p>\n<p><strong>TRANSFERENCIAS INTERNACIONALES<\/strong><\/p>\n<p>NO se realizan transferencias internacionales.<\/p>\n<p><strong>PERFILES Y TOMAS DE DECISIONES AUTOMATIZADAS<\/strong><\/p>\n<p>NO se elaboran perfiles, NO se toman decisiones automatizadas con los datos facilitados por el usuario.<\/p>\n\t\t\t\t\t\t\t\t<\/div>\n\t\t\t\t<\/div>\n\t\t\t\t\t<\/div>\n\t\t\t\t<\/div>\n\t\t\t\t<\/div>\n\t\t","protected":false},"excerpt":{"rendered":"<p>Associaci\u00f3 Amics del Moviment Quart M\u00f3n Catalunya est\u00e1 especialmente sensibilizada en la protecci\u00f3n de datos de car\u00e1cter personal de los Usuarios de los servicios del sitio Web. Mediante la presente Pol\u00edtica de Privacidad (en adelante, la Pol\u00edtica) Asociaci\u00f3n Amics del Moviment Quart M\u00f3n Catalu\u00f1a, informa a los USUARIOS de este sitio web, de los usos [&hellip;]<\/p>\n","protected":false},"author":1,"featured_media":0,"parent":0,"menu_order":0,"comment_status":"closed","ping_status":"closed","template":"","meta":{"footnotes":""},"class_list":["post-5610","page","type-page","status-publish","hentry"],"yoast_head":"<!-- This site is optimized with the Yoast SEO plugin v24.3 - https:\/\/yoast.com\/wordpress\/plugins\/seo\/ -->\n<title>Pol\u00edtica de privacidad - Amics Moviment Quart M\u00f3n<\/title>\n<meta name=\"robots\" content=\"index, follow, max-snippet:-1, max-image-preview:large, max-video-preview:-1\" \/>\n<link rel=\"canonical\" href=\"https:\/\/www.amicsquartmon.org\/es\/politica-de-privacidad\/\" \/>\n<meta property=\"og:locale\" content=\"es_ES\" \/>\n<meta property=\"og:type\" content=\"article\" \/>\n<meta property=\"og:title\" content=\"Pol\u00edtica de privacidad - Amics Moviment Quart M\u00f3n\" \/>\n<meta property=\"og:description\" content=\"Associaci\u00f3 Amics del Moviment Quart M\u00f3n Catalunya est\u00e1 especialmente sensibilizada en la protecci\u00f3n de datos de car\u00e1cter personal de los Usuarios de los servicios del sitio Web. Mediante la presente Pol\u00edtica de Privacidad (en adelante, la Pol\u00edtica) Asociaci\u00f3n Amics del Moviment Quart M\u00f3n Catalu\u00f1a, informa a los USUARIOS de este sitio web, de los usos [&hellip;]\" \/>\n<meta property=\"og:url\" content=\"https:\/\/www.amicsquartmon.org\/es\/politica-de-privacidad\/\" \/>\n<meta property=\"og:site_name\" content=\"Amics Moviment Quart M\u00f3n\" \/>\n<meta property=\"article:modified_time\" content=\"2024-12-16T09:33:14+00:00\" \/>\n<meta name=\"twitter:card\" content=\"summary_large_image\" \/>\n<meta name=\"twitter:label1\" content=\"Tiempo de lectura\" \/>\n\t<meta name=\"twitter:data1\" content=\"4 minutos\" \/>\n<script type=\"application\/ld+json\" class=\"yoast-schema-graph\">{\"@context\":\"https:\/\/schema.org\",\"@graph\":[{\"@type\":\"WebPage\",\"@id\":\"https:\/\/www.amicsquartmon.org\/es\/politica-de-privacidad\/\",\"url\":\"https:\/\/www.amicsquartmon.org\/es\/politica-de-privacidad\/\",\"name\":\"Pol\u00edtica de privacidad - Amics Moviment Quart M\u00f3n\",\"isPartOf\":{\"@id\":\"https:\/\/www.amicsquartmon.org\/es\/#website\"},\"datePublished\":\"2024-09-19T08:22:04+00:00\",\"dateModified\":\"2024-12-16T09:33:14+00:00\",\"breadcrumb\":{\"@id\":\"https:\/\/www.amicsquartmon.org\/es\/politica-de-privacidad\/#breadcrumb\"},\"inLanguage\":\"es\",\"potentialAction\":[{\"@type\":\"ReadAction\",\"target\":[\"https:\/\/www.amicsquartmon.org\/es\/politica-de-privacidad\/\"]}]},{\"@type\":\"BreadcrumbList\",\"@id\":\"https:\/\/www.amicsquartmon.org\/es\/politica-de-privacidad\/#breadcrumb\",\"itemListElement\":[{\"@type\":\"ListItem\",\"position\":1,\"name\":\"Inici\",\"item\":\"https:\/\/www.amicsquartmon.org\/es\/\"},{\"@type\":\"ListItem\",\"position\":2,\"name\":\"Pol\u00edtica de privacidad\"}]},{\"@type\":\"WebSite\",\"@id\":\"https:\/\/www.amicsquartmon.org\/es\/#website\",\"url\":\"https:\/\/www.amicsquartmon.org\/es\/\",\"name\":\"Amics Moviment Quart M\u00f3n\",\"description\":\"\",\"potentialAction\":[{\"@type\":\"SearchAction\",\"target\":{\"@type\":\"EntryPoint\",\"urlTemplate\":\"https:\/\/www.amicsquartmon.org\/es\/?s={search_term_string}\"},\"query-input\":{\"@type\":\"PropertyValueSpecification\",\"valueRequired\":true,\"valueName\":\"search_term_string\"}}],\"inLanguage\":\"es\"}]}<\/script>\n<!-- \/ Yoast SEO plugin. -->","yoast_head_json":{"title":"Pol\u00edtica de privacidad - Amics Moviment Quart M\u00f3n","robots":{"index":"index","follow":"follow","max-snippet":"max-snippet:-1","max-image-preview":"max-image-preview:large","max-video-preview":"max-video-preview:-1"},"canonical":"https:\/\/www.amicsquartmon.org\/es\/politica-de-privacidad\/","og_locale":"es_ES","og_type":"article","og_title":"Pol\u00edtica de privacidad - Amics Moviment Quart M\u00f3n","og_description":"Associaci\u00f3 Amics del Moviment Quart M\u00f3n Catalunya est\u00e1 especialmente sensibilizada en la protecci\u00f3n de datos de car\u00e1cter personal de los Usuarios de los servicios del sitio Web. Mediante la presente Pol\u00edtica de Privacidad (en adelante, la Pol\u00edtica) Asociaci\u00f3n Amics del Moviment Quart M\u00f3n Catalu\u00f1a, informa a los USUARIOS de este sitio web, de los usos [&hellip;]","og_url":"https:\/\/www.amicsquartmon.org\/es\/politica-de-privacidad\/","og_site_name":"Amics Moviment Quart M\u00f3n","article_modified_time":"2024-12-16T09:33:14+00:00","twitter_card":"summary_large_image","twitter_misc":{"Tiempo de lectura":"4 minutos"},"schema":{"@context":"https:\/\/schema.org","@graph":[{"@type":"WebPage","@id":"https:\/\/www.amicsquartmon.org\/es\/politica-de-privacidad\/","url":"https:\/\/www.amicsquartmon.org\/es\/politica-de-privacidad\/","name":"Pol\u00edtica de privacidad - Amics Moviment Quart M\u00f3n","isPartOf":{"@id":"https:\/\/www.amicsquartmon.org\/es\/#website"},"datePublished":"2024-09-19T08:22:04+00:00","dateModified":"2024-12-16T09:33:14+00:00","breadcrumb":{"@id":"https:\/\/www.amicsquartmon.org\/es\/politica-de-privacidad\/#breadcrumb"},"inLanguage":"es","potentialAction":[{"@type":"ReadAction","target":["https:\/\/www.amicsquartmon.org\/es\/politica-de-privacidad\/"]}]},{"@type":"BreadcrumbList","@id":"https:\/\/www.amicsquartmon.org\/es\/politica-de-privacidad\/#breadcrumb","itemListElement":[{"@type":"ListItem","position":1,"name":"Inici","item":"https:\/\/www.amicsquartmon.org\/es\/"},{"@type":"ListItem","position":2,"name":"Pol\u00edtica de privacidad"}]},{"@type":"WebSite","@id":"https:\/\/www.amicsquartmon.org\/es\/#website","url":"https:\/\/www.amicsquartmon.org\/es\/","name":"Amics Moviment Quart M\u00f3n","description":"","potentialAction":[{"@type":"SearchAction","target":{"@type":"EntryPoint","urlTemplate":"https:\/\/www.amicsquartmon.org\/es\/?s={search_term_string}"},"query-input":{"@type":"PropertyValueSpecification","valueRequired":true,"valueName":"search_term_string"}}],"inLanguage":"es"}]}},"_links":{"self":[{"href":"https:\/\/www.amicsquartmon.org\/es\/wp-json\/wp\/v2\/pages\/5610","targetHints":{"allow":["GET"]}}],"collection":[{"href":"https:\/\/www.amicsquartmon.org\/es\/wp-json\/wp\/v2\/pages"}],"about":[{"href":"https:\/\/www.amicsquartmon.org\/es\/wp-json\/wp\/v2\/types\/page"}],"author":[{"embeddable":true,"href":"https:\/\/www.amicsquartmon.org\/es\/wp-json\/wp\/v2\/users\/1"}],"replies":[{"embeddable":true,"href":"https:\/\/www.amicsquartmon.org\/es\/wp-json\/wp\/v2\/comments?post=5610"}],"version-history":[{"count":0,"href":"https:\/\/www.amicsquartmon.org\/es\/wp-json\/wp\/v2\/pages\/5610\/revisions"}],"wp:attachment":[{"href":"https:\/\/www.amicsquartmon.org\/es\/wp-json\/wp\/v2\/media?parent=5610"}],"curies":[{"name":"wp","href":"https:\/\/api.w.org\/{rel}","templated":true}]}}